{"id":544,"date":"2025-10-03T03:24:12","date_gmt":"2025-10-03T03:24:12","guid":{"rendered":"https:\/\/mudanzasoptimas.com\/home\/"},"modified":"2025-10-03T05:38:51","modified_gmt":"2025-10-03T05:38:51","slug":"home","status":"publish","type":"page","link":"https:\/\/mudanzasoptimas.com\/","title":{"rendered":"Bienvenidos a Mudanzas Optimas"},"content":{"rendered":"\n<div class=\"wp-block-uagb-buttons uagb-buttons__outer-wrap uagb-btn__default-btn uagb-btn-tablet__default-btn uagb-btn-mobile__default-btn uagb-block-fe83819f\"><div class=\"uagb-buttons__wrap uagb-buttons-layout-wrap \">\n<div class=\"wp-block-uagb-buttons-child uagb-buttons__outer-wrap uagb-block-45b10f44 wp-block-button\"><div class=\"uagb-button__wrapper\"><a class=\"uagb-buttons-repeater wp-block-button__link\" aria-label=\"\" href=\"#\" rel=\"follow noopener\" target=\"_self\" role=\"button\"><div class=\"uagb-button__link\">Lunes a Sabados de 7hs a 22hs<br><br>Capital y Gran Buenos Aires<\/div><\/a><\/div><\/div>\n<\/div><\/div>\n\n\n\n<div class=\"wp-block-cover\"><img loading=\"lazy\" decoding=\"async\" width=\"770\" height=\"1024\" class=\"wp-block-cover__image-background wp-image-1746\" alt=\"\" src=\"https:\/\/mudanzasoptimas.com\/wp-content\/uploads\/2025\/10\/imagen_2025-10-03_005324149-770x1024.png\" data-object-fit=\"cover\" srcset=\"https:\/\/mudanzasoptimas.com\/wp-content\/uploads\/2025\/10\/imagen_2025-10-03_005324149-770x1024.png 770w, https:\/\/mudanzasoptimas.com\/wp-content\/uploads\/2025\/10\/imagen_2025-10-03_005324149-226x300.png 226w, https:\/\/mudanzasoptimas.com\/wp-content\/uploads\/2025\/10\/imagen_2025-10-03_005324149-768x1021.png 768w, https:\/\/mudanzasoptimas.com\/wp-content\/uploads\/2025\/10\/imagen_2025-10-03_005324149.png 963w\" sizes=\"auto, (max-width: 770px) 100vw, 770px\" \/><span aria-hidden=\"true\" class=\"wp-block-cover__background has-background-dim\"><\/span><div class=\"wp-block-cover__inner-container is-layout-flow wp-block-cover-is-layout-flow\">\n<h2 class=\"wp-block-heading has-text-align-center has-large-font-size\"><mark style=\"background-color:rgba(0, 0, 0, 0)\" class=\"has-inline-color has-ast-global-color-6-color\">El servicio que usted nesecita al mejor precio!<\/mark><\/h2>\n<\/div><\/div>\n\n\n\n<div class=\"wp-block-uagb-info-box uagb-block-09432d8a uagb-infobox__content-wrap  uagb-infobox-icon-above-title uagb-infobox-image-valign-top\"><div class=\"uagb-ifb-content\"><div class=\"uagb-ifb-icon-wrap\"><svg xmlns=\"https:\/\/www.w3.org\/2000\/svg\" viewBox=\"0 0 512 512\"><path d=\"M0 256C0 114.6 114.6 0 256 0C397.4 0 512 114.6 512 256C512 397.4 397.4 512 256 512C114.6 512 0 397.4 0 256zM371.8 211.8C382.7 200.9 382.7 183.1 371.8 172.2C360.9 161.3 343.1 161.3 332.2 172.2L224 280.4L179.8 236.2C168.9 225.3 151.1 225.3 140.2 236.2C129.3 247.1 129.3 264.9 140.2 275.8L204.2 339.8C215.1 350.7 232.9 350.7 243.8 339.8L371.8 211.8z\"><\/path><\/svg><\/div><div class=\"uagb-ifb-title-wrap\"><h3 class=\"uagb-ifb-title\">\u25cb Mudanzas \u00d3ptimas \u2013 M\u00e1s de 20 a\u00f1os de experiencia en traslados seguros.<br><br>\u25cb Ofrecemos servicios completos que se adaptan a tus necesidades,<br>Izajes especializados para mover objetos de gran tama\u00f1o o dif\u00edcil acceso.<br><br>\u25cb Embalajes profesionales, cuidando cada mueble y pertenencia para que lleguen en perfectas condiciones.<br><br>\u25cb Con Mudanzas \u00d3ptimas, tu mudanza es m\u00e1s simple, r\u00e1pida y segura.<\/h3><\/div><p class=\"uagb-ifb-desc\">EL MEJOR SERVICIO AL MEJOR PRECIO! <\/p><\/div><\/div>\n\n\n\n<div class=\"wp-block-uagb-image uagb-block-6bd70ceb wp-block-uagb-image--layout-default wp-block-uagb-image--effect-static wp-block-uagb-image--align-none\"><figure class=\"wp-block-uagb-image__figure\"><img decoding=\"async\" srcset=\"https:\/\/mudanzasoptimas.com\/wp-content\/uploads\/2025\/10\/305-3.avif ,https:\/\/mudanzasoptimas.com\/wp-content\/uploads\/2025\/10\/305-3.avif 780w, https:\/\/mudanzasoptimas.com\/wp-content\/uploads\/2025\/10\/305-3.avif 360w\" sizes=\"auto, (max-width: 480px) 150px\" src=\"https:\/\/mudanzasoptimas.com\/wp-content\/uploads\/2025\/10\/305-3.avif\" alt=\"\" class=\"uag-image-1755\" width=\"641\" height=\"359\" title=\"305\" loading=\"lazy\" role=\"img\"\/><\/figure><\/div>\n\n\n\n<div class=\"wp-block-group is-layout-constrained wp-block-group-is-layout-constrained\">\n<div class=\"wp-block-uagb-buttons uagb-buttons__outer-wrap uagb-btn__default-btn uagb-btn-tablet__default-btn uagb-btn-mobile__default-btn uagb-block-0852c493\"><div class=\"uagb-buttons__wrap uagb-buttons-layout-wrap \">\n<div class=\"wp-block-uagb-buttons-child uagb-buttons__outer-wrap uagb-block-a4c6b8f6 wp-block-button\"><div class=\"uagb-button__wrapper\"><a class=\"uagb-buttons-repeater wp-block-button__link\" aria-label=\"\" href=\"#\" rel=\"follow noopener\" target=\"_self\" role=\"button\"><div class=\"uagb-button__link\">Consultanos via Whatsapp<\/div><\/a><\/div><\/div>\n<\/div><\/div>\n<\/div>\n\n\n\n<div class=\"wp-block-cover\" style=\"min-height:1299px;aspect-ratio:unset;\"><img loading=\"lazy\" decoding=\"async\" width=\"612\" height=\"323\" class=\"wp-block-cover__image-background wp-image-1788\" alt=\"\" src=\"https:\/\/mudanzasoptimas.com\/wp-content\/uploads\/2025\/10\/35-2.jpg\" data-object-fit=\"cover\" srcset=\"https:\/\/mudanzasoptimas.com\/wp-content\/uploads\/2025\/10\/35-2.jpg 612w, https:\/\/mudanzasoptimas.com\/wp-content\/uploads\/2025\/10\/35-2-300x158.jpg 300w\" sizes=\"auto, (max-width: 612px) 100vw, 612px\" \/><span aria-hidden=\"true\" class=\"wp-block-cover__background has-background-dim\"><\/span><div class=\"wp-block-cover__inner-container is-layout-flow wp-block-cover-is-layout-flow\">\n<p class=\"has-text-align-center has-large-font-size\"><mark style=\"background-color:rgba(0, 0, 0, 0)\" class=\"has-inline-color has-ast-global-color-4-color\"><sub>Sabemos que cada detalle cuenta. <\/sub><\/mark><\/p>\n\n\n\n<p class=\"has-text-align-center has-large-font-size\"><mark style=\"background-color:rgba(0, 0, 0, 0)\" class=\"has-inline-color has-ast-global-color-4-color\"><sub>Nuestro equipo de ayudantes est\u00e1 <strong>altamente especializado en trabajos de mudanza<\/strong>, garantizando un servicio \u00e1gil, cuidadoso y de total confianza.<\/sub><\/mark><\/p>\n\n\n\n<p><mark style=\"background-color:rgba(0, 0, 0, 0)\" class=\"has-inline-color has-ast-global-color-4-color\">Ofrecemos:<\/mark><\/p>\n\n\n\n<ul class=\"wp-block-list\">\n<li>Embalaje seguro y profesional.<\/li>\n\n\n\n<li>Izajes y traslados en lugares de dif\u00edcil acceso.<\/li>\n\n\n\n<li>Servicio de canastos y equipos adecuados.<\/li>\n\n\n\n<li>Atenci\u00f3n personalizada y responsable.<\/li>\n<\/ul>\n\n\n\n<p class=\"has-text-align-center has-large-font-size\"><mark style=\"background-color:rgba(0, 0, 0, 0)\" class=\"has-inline-color has-ast-global-color-4-color\"><sub>Confi\u00e1 en nosotros para que tu mudanza sea r\u00e1pida, organizada y sin preocupaciones.<\/sub><\/mark><\/p>\n\n\n\n<p class=\"has-text-align-center has-large-font-size\"><\/p>\n\n\n\n<p><\/p>\n\n\n\n<p><\/p>\n\n\n\n<p><\/p>\n<\/div><\/div>\n\n\n\n<p><\/p>\n","protected":false},"excerpt":{"rendered":"","protected":false},"author":1,"featured_media":0,"parent":0,"menu_order":0,"comment_status":"closed","ping_status":"closed","template":"","meta":{"_uag_custom_page_level_css":"","site-sidebar-layout":"no-sidebar","site-content-layout":"plain-container","ast-site-content-layout":"normal-width-container","site-content-style":"unboxed","site-sidebar-style":"unboxed","ast-global-header-display":"","ast-banner-title-visibility":"","ast-main-header-display":"","ast-hfb-above-header-display":"","ast-hfb-below-header-display":"","ast-hfb-mobile-header-display":"","site-post-title":"","ast-breadcrumbs-content":"","ast-featured-img":"disabled","footer-sml-layout":"","theme-transparent-header-meta":"","adv-header-id-meta":"","stick-header-meta":"","header-above-stick-meta":"","header-main-stick-meta":"","header-below-stick-meta":"","astra-migrate-meta-layouts":"set","ast-page-background-enabled":"default","ast-page-background-meta":{"desktop":{"background-color":"var(--ast-global-color-4)","background-image":"","background-repeat":"repeat","background-position":"center center","background-size":"auto","background-attachment":"scroll","background-type":"","background-media":"","overlay-type":"","overlay-color":"","overlay-opacity":"","overlay-gradient":""},"tablet":{"background-color":"","background-image":"","background-repeat":"repeat","background-position":"center center","background-size":"auto","background-attachment":"scroll","background-type":"","background-media":"","overlay-type":"","overlay-color":"","overlay-opacity":"","overlay-gradient":""},"mobile":{"background-color":"","background-image":"","background-repeat":"repeat","background-position":"center center","background-size":"auto","background-attachment":"scroll","background-type":"","background-media":"","overlay-type":"","overlay-color":"","overlay-opacity":"","overlay-gradient":""}},"ast-content-background-meta":{"desktop":{"background-color":"var(--ast-global-color-5)","background-image":"","background-repeat":"repeat","background-position":"center center","background-size":"auto","background-attachment":"scroll","background-type":"","background-media":"","overlay-type":"","overlay-color":"","overlay-opacity":"","overlay-gradient":""},"tablet":{"background-color":"var(--ast-global-color-5)","background-image":"","background-repeat":"repeat","background-position":"center center","background-size":"auto","background-attachment":"scroll","background-type":"","background-media":"","overlay-type":"","overlay-color":"","overlay-opacity":"","overlay-gradient":""},"mobile":{"background-color":"var(--ast-global-color-5)","background-image":"","background-repeat":"repeat","background-position":"center center","background-size":"auto","background-attachment":"scroll","background-type":"","background-media":"","overlay-type":"","overlay-color":"","overlay-opacity":"","overlay-gradient":""}},"_joinchat":[],"footnotes":""},"class_list":["post-544","page","type-page","status-publish","hentry"],"aioseo_notices":[],"_hostinger_reach_plugin_has_subscription_block":false,"_hostinger_reach_plugin_is_elementor":false,"uagb_featured_image_src":{"full":false,"thumbnail":false,"medium":false,"medium_large":false,"large":false,"1536x1536":false,"2048x2048":false},"uagb_author_info":{"display_name":"urquizafletes@hotmail.com","author_link":"https:\/\/mudanzasoptimas.com\/?author=1"},"uagb_comment_info":0,"uagb_excerpt":null,"_links":{"self":[{"href":"https:\/\/mudanzasoptimas.com\/index.php?rest_route=\/wp\/v2\/pages\/544","targetHints":{"allow":["GET"]}}],"collection":[{"href":"https:\/\/mudanzasoptimas.com\/index.php?rest_route=\/wp\/v2\/pages"}],"about":[{"href":"https:\/\/mudanzasoptimas.com\/index.php?rest_route=\/wp\/v2\/types\/page"}],"author":[{"embeddable":true,"href":"https:\/\/mudanzasoptimas.com\/index.php?rest_route=\/wp\/v2\/users\/1"}],"replies":[{"embeddable":true,"href":"https:\/\/mudanzasoptimas.com\/index.php?rest_route=%2Fwp%2Fv2%2Fcomments&post=544"}],"version-history":[{"count":21,"href":"https:\/\/mudanzasoptimas.com\/index.php?rest_route=\/wp\/v2\/pages\/544\/revisions"}],"predecessor-version":[{"id":1801,"href":"https:\/\/mudanzasoptimas.com\/index.php?rest_route=\/wp\/v2\/pages\/544\/revisions\/1801"}],"wp:attachment":[{"href":"https:\/\/mudanzasoptimas.com\/index.php?rest_route=%2Fwp%2Fv2%2Fmedia&parent=544"}],"curies":[{"name":"wp","href":"https:\/\/api.w.org\/{rel}","templated":true}]}}